{"id":4191,"date":"2025-06-19T20:18:36","date_gmt":"2025-06-19T20:18:36","guid":{"rendered":"https:\/\/annatendera.com\/home\/kontakt\/"},"modified":"2025-06-19T22:12:26","modified_gmt":"2025-06-19T22:12:26","slug":"kontakt","status":"publish","type":"page","link":"https:\/\/annatendera.com\/home\/kontakt\/","title":{"rendered":"Kontakt"},"content":{"rendered":"\t\t<div data-elementor-type=\"wp-page\" data-elementor-id=\"4191\" class=\"elementor elementor-4191\" data-elementor-post-type=\"page\">\n\t\t\t\t<div class=\"elementor-element elementor-element-73eceb95 e-flex e-con-boxed e-con e-parent\" data-id=\"73eceb95\" data-element_type=\"container\" data-e-type=\"container\" data-settings=\"{&quot;background_background&quot;:&quot;classic&quot;}\">\n\t\t\t\t\t<div class=\"e-con-inner\">\n\t\t\t\t<div class=\"elementor-element elementor-element-4544e212 elementor-widget elementor-widget-spacer\" data-id=\"4544e212\" data-element_type=\"widget\" data-e-type=\"widget\" data-widget_type=\"spacer.default\">\n\t\t\t\t<div class=\"elementor-widget-container\">\n\t\t\t\t\t\t\t<div class=\"elementor-spacer\">\n\t\t\t<div class=\"elementor-spacer-inner\"><\/div>\n\t\t<\/div>\n\t\t\t\t\t\t<\/div>\n\t\t\t\t<\/div>\n\t\t\t\t\t<\/div>\n\t\t\t\t<\/div>\n\t\t<div class=\"elementor-element elementor-element-d9926f4 e-flex e-con-boxed e-con e-parent\" data-id=\"d9926f4\" data-element_type=\"container\" data-e-type=\"container\">\n\t\t\t\t\t<div class=\"e-con-inner\">\n\t\t<div class=\"elementor-element elementor-element-7088fbbe e-con-full e-flex e-con e-child\" data-id=\"7088fbbe\" data-element_type=\"container\" data-e-type=\"container\">\n\t\t\t\t<div class=\"elementor-element elementor-element-39415fe2 elementor-widget elementor-widget-spacer\" data-id=\"39415fe2\" data-element_type=\"widget\" data-e-type=\"widget\" data-widget_type=\"spacer.default\">\n\t\t\t\t<div class=\"elementor-widget-container\">\n\t\t\t\t\t\t\t<div class=\"elementor-spacer\">\n\t\t\t<div class=\"elementor-spacer-inner\"><\/div>\n\t\t<\/div>\n\t\t\t\t\t\t<\/div>\n\t\t\t\t<\/div>\n\t\t\t\t<div class=\"elementor-element elementor-element-2bcea562 elementor-widget-divider--view-line elementor-invisible elementor-widget elementor-widget-divider\" data-id=\"2bcea562\" data-element_type=\"widget\" data-e-type=\"widget\" data-settings=\"{&quot;_animation&quot;:&quot;fadeInLeft&quot;}\" data-widget_type=\"divider.default\">\n\t\t\t\t<div class=\"elementor-widget-container\">\n\t\t\t\t\t\t\t<div class=\"elementor-divider\">\n\t\t\t<span class=\"elementor-divider-separator\">\n\t\t\t\t\t\t<\/span>\n\t\t<\/div>\n\t\t\t\t\t\t<\/div>\n\t\t\t\t<\/div>\n\t\t\t\t<div class=\"elementor-element elementor-element-a2ee225 elementor-invisible elementor-widget elementor-widget-heading\" data-id=\"a2ee225\" data-element_type=\"widget\" data-e-type=\"widget\" data-settings=\"{&quot;_animation&quot;:&quot;fadeInUp&quot;}\" data-widget_type=\"heading.default\">\n\t\t\t\t<div class=\"elementor-widget-container\">\n\t\t\t\t\t<h2 class=\"elementor-heading-title elementor-size-default\">Sie m\u00f6chten Ihrer Veranstaltung eine besondere Note verleihen?<\/h2>\t\t\t\t<\/div>\n\t\t\t\t<\/div>\n\t\t\t\t<\/div>\n\t\t\t\t\t<\/div>\n\t\t\t\t<\/div>\n\t\t<div class=\"elementor-element elementor-element-68bec782 e-flex e-con-boxed e-con e-parent\" data-id=\"68bec782\" data-element_type=\"container\" data-e-type=\"container\">\n\t\t\t\t\t<div class=\"e-con-inner\">\n\t\t<div class=\"elementor-element elementor-element-3b0600d2 e-con-full e-flex e-con e-child\" data-id=\"3b0600d2\" data-element_type=\"container\" data-e-type=\"container\">\n\t\t\t\t<div class=\"elementor-element elementor-element-194fa8d4 elementor-invisible elementor-widget elementor-widget-text-editor\" data-id=\"194fa8d4\" data-element_type=\"widget\" data-e-type=\"widget\" data-settings=\"{&quot;_animation&quot;:&quot;fadeInUp&quot;}\" data-widget_type=\"text-editor.default\">\n\t\t\t\t<div class=\"elementor-widget-container\">\n\t\t\t\t\t\t\t\t\t<p>Gerne stehe ich f\u00fcr exklusive Engagements zur Verf\u00fcgung.<\/p><p data-start=\"287\" data-end=\"419\">F\u00fcr Anfragen und Buchungen erreichen Sie mich pers\u00f6nlich unter:<\/p><p data-start=\"287\" data-end=\"419\"><br data-start=\"350\" data-end=\"353\" \/>office(at)annatendera.com<br data-start=\"373\" data-end=\"376\" \/>oder telefonisch unter: +43 660 4436660<\/p><h6 data-start=\"421\" data-end=\"463\">\u201eWenn die Worte aufh\u00f6ren, beginnt die Musik.\u201c <br \/>(Heinrich Heine)<\/h6>\t\t\t\t\t\t\t\t<\/div>\n\t\t\t\t<\/div>\n\t\t\t\t<\/div>\n\t\t\t\t\t<\/div>\n\t\t\t\t<\/div>\n\t\t\t\t<\/div>\n\t\t","protected":false},"excerpt":{"rendered":"<p>Sie m\u00f6chten Ihrer Veranstaltung eine besondere Note verleihen? Gerne stehe ich f\u00fcr exklusive Engagements zur Verf\u00fcgung. F\u00fcr Anfragen und Buchungen erreichen Sie mich pers\u00f6nlich unter: office(at)annatendera.comoder telefonisch unter: +43 660 4436660 \u201eWenn die Worte aufh\u00f6ren, beginnt die Musik.\u201c (Heinrich Heine)<\/p>\n","protected":false},"author":2,"featured_media":0,"parent":0,"menu_order":0,"comment_status":"closed","ping_status":"closed","template":"","meta":{"iawp_total_views":35,"footnotes":""},"class_list":["post-4191","page","type-page","status-publish","hentry"],"yoast_head":"<!-- This site is optimized with the Yoast SEO plugin v26.8 - https:\/\/yoast.com\/product\/yoast-seo-wordpress\/ -->\n<title>Kontakt - Anna Tendera<\/title>\n<meta name=\"robots\" content=\"index, follow, max-snippet:-1, max-image-preview:large, max-video-preview:-1\" \/>\n<link rel=\"canonical\" href=\"https:\/\/annatendera.com\/home\/kontakt\/\" \/>\n<meta property=\"og:locale\" content=\"de_DE\" \/>\n<meta property=\"og:type\" content=\"article\" \/>\n<meta property=\"og:title\" content=\"Kontakt - Anna Tendera\" \/>\n<meta property=\"og:description\" content=\"Sie m\u00f6chten Ihrer Veranstaltung eine besondere Note verleihen? Gerne stehe ich f\u00fcr exklusive Engagements zur Verf\u00fcgung. F\u00fcr Anfragen und Buchungen erreichen Sie mich pers\u00f6nlich unter: office(at)annatendera.comoder telefonisch unter: +43 660 4436660 \u201eWenn die Worte aufh\u00f6ren, beginnt die Musik.\u201c (Heinrich Heine)\" \/>\n<meta property=\"og:url\" content=\"https:\/\/annatendera.com\/home\/kontakt\/\" \/>\n<meta property=\"og:site_name\" content=\"Anna Tendera\" \/>\n<meta property=\"article:modified_time\" content=\"2025-06-19T22:12:26+00:00\" \/>\n<meta name=\"twitter:card\" content=\"summary_large_image\" \/>\n<meta name=\"twitter:label1\" content=\"Gesch\u00e4tzte Lesezeit\" \/>\n\t<meta name=\"twitter:data1\" content=\"1\u00a0Minute\" \/>\n<script type=\"application\/ld+json\" class=\"yoast-schema-graph\">{\"@context\":\"https:\/\/schema.org\",\"@graph\":[{\"@type\":\"WebPage\",\"@id\":\"https:\/\/annatendera.com\/home\/kontakt\/\",\"url\":\"https:\/\/annatendera.com\/home\/kontakt\/\",\"name\":\"Kontakt - Anna Tendera\",\"isPartOf\":{\"@id\":\"https:\/\/annatendera.com\/home\/#website\"},\"datePublished\":\"2025-06-19T20:18:36+00:00\",\"dateModified\":\"2025-06-19T22:12:26+00:00\",\"breadcrumb\":{\"@id\":\"https:\/\/annatendera.com\/home\/kontakt\/#breadcrumb\"},\"inLanguage\":\"de\",\"potentialAction\":[{\"@type\":\"ReadAction\",\"target\":[\"https:\/\/annatendera.com\/home\/kontakt\/\"]}]},{\"@type\":\"BreadcrumbList\",\"@id\":\"https:\/\/annatendera.com\/home\/kontakt\/#breadcrumb\",\"itemListElement\":[{\"@type\":\"ListItem\",\"position\":1,\"name\":\"Startseite\",\"item\":\"https:\/\/annatendera.com\/home\/\"},{\"@type\":\"ListItem\",\"position\":2,\"name\":\"Kontakt\"}]},{\"@type\":\"WebSite\",\"@id\":\"https:\/\/annatendera.com\/home\/#website\",\"url\":\"https:\/\/annatendera.com\/home\/\",\"name\":\"Anna Tendera\",\"description\":\"music &amp; design\",\"potentialAction\":[{\"@type\":\"SearchAction\",\"target\":{\"@type\":\"EntryPoint\",\"urlTemplate\":\"https:\/\/annatendera.com\/home\/?s={search_term_string}\"},\"query-input\":{\"@type\":\"PropertyValueSpecification\",\"valueRequired\":true,\"valueName\":\"search_term_string\"}}],\"inLanguage\":\"de\"}]}<\/script>\n<!-- \/ Yoast SEO plugin. -->","yoast_head_json":{"title":"Kontakt - Anna Tendera","robots":{"index":"index","follow":"follow","max-snippet":"max-snippet:-1","max-image-preview":"max-image-preview:large","max-video-preview":"max-video-preview:-1"},"canonical":"https:\/\/annatendera.com\/home\/kontakt\/","og_locale":"de_DE","og_type":"article","og_title":"Kontakt - Anna Tendera","og_description":"Sie m\u00f6chten Ihrer Veranstaltung eine besondere Note verleihen? Gerne stehe ich f\u00fcr exklusive Engagements zur Verf\u00fcgung. F\u00fcr Anfragen und Buchungen erreichen Sie mich pers\u00f6nlich unter: office(at)annatendera.comoder telefonisch unter: +43 660 4436660 \u201eWenn die Worte aufh\u00f6ren, beginnt die Musik.\u201c (Heinrich Heine)","og_url":"https:\/\/annatendera.com\/home\/kontakt\/","og_site_name":"Anna Tendera","article_modified_time":"2025-06-19T22:12:26+00:00","twitter_card":"summary_large_image","twitter_misc":{"Gesch\u00e4tzte Lesezeit":"1\u00a0Minute"},"schema":{"@context":"https:\/\/schema.org","@graph":[{"@type":"WebPage","@id":"https:\/\/annatendera.com\/home\/kontakt\/","url":"https:\/\/annatendera.com\/home\/kontakt\/","name":"Kontakt - Anna Tendera","isPartOf":{"@id":"https:\/\/annatendera.com\/home\/#website"},"datePublished":"2025-06-19T20:18:36+00:00","dateModified":"2025-06-19T22:12:26+00:00","breadcrumb":{"@id":"https:\/\/annatendera.com\/home\/kontakt\/#breadcrumb"},"inLanguage":"de","potentialAction":[{"@type":"ReadAction","target":["https:\/\/annatendera.com\/home\/kontakt\/"]}]},{"@type":"BreadcrumbList","@id":"https:\/\/annatendera.com\/home\/kontakt\/#breadcrumb","itemListElement":[{"@type":"ListItem","position":1,"name":"Startseite","item":"https:\/\/annatendera.com\/home\/"},{"@type":"ListItem","position":2,"name":"Kontakt"}]},{"@type":"WebSite","@id":"https:\/\/annatendera.com\/home\/#website","url":"https:\/\/annatendera.com\/home\/","name":"Anna Tendera","description":"music &amp; design","potentialAction":[{"@type":"SearchAction","target":{"@type":"EntryPoint","urlTemplate":"https:\/\/annatendera.com\/home\/?s={search_term_string}"},"query-input":{"@type":"PropertyValueSpecification","valueRequired":true,"valueName":"search_term_string"}}],"inLanguage":"de"}]}},"_links":{"self":[{"href":"https:\/\/annatendera.com\/home\/wp-json\/wp\/v2\/pages\/4191","targetHints":{"allow":["GET"]}}],"collection":[{"href":"https:\/\/annatendera.com\/home\/wp-json\/wp\/v2\/pages"}],"about":[{"href":"https:\/\/annatendera.com\/home\/wp-json\/wp\/v2\/types\/page"}],"author":[{"embeddable":true,"href":"https:\/\/annatendera.com\/home\/wp-json\/wp\/v2\/users\/2"}],"replies":[{"embeddable":true,"href":"https:\/\/annatendera.com\/home\/wp-json\/wp\/v2\/comments?post=4191"}],"version-history":[{"count":10,"href":"https:\/\/annatendera.com\/home\/wp-json\/wp\/v2\/pages\/4191\/revisions"}],"predecessor-version":[{"id":4399,"href":"https:\/\/annatendera.com\/home\/wp-json\/wp\/v2\/pages\/4191\/revisions\/4399"}],"wp:attachment":[{"href":"https:\/\/annatendera.com\/home\/wp-json\/wp\/v2\/media?parent=4191"}],"curies":[{"name":"wp","href":"https:\/\/api.w.org\/{rel}","templated":true}]}}