{"id":4194,"date":"2025-06-19T20:18:36","date_gmt":"2025-06-19T20:18:36","guid":{"rendered":"https:\/\/annatendera.com\/home\/live\/"},"modified":"2026-01-06T18:21:15","modified_gmt":"2026-01-06T18:21:15","slug":"live","status":"publish","type":"page","link":"https:\/\/annatendera.com\/home\/live\/","title":{"rendered":"Live"},"content":{"rendered":"\t\t<div data-elementor-type=\"wp-page\" data-elementor-id=\"4194\" class=\"elementor elementor-4194\" data-elementor-post-type=\"page\">\n\t\t\t\t<div class=\"elementor-element elementor-element-1f91234 e-flex e-con-boxed e-con e-parent\" data-id=\"1f91234\" data-element_type=\"container\" data-e-type=\"container\" data-settings=\"{&quot;background_background&quot;:&quot;classic&quot;}\">\n\t\t\t\t\t<div class=\"e-con-inner\">\n\t\t\t\t<div class=\"elementor-element elementor-element-29ed87d8 elementor-widget elementor-widget-spacer\" data-id=\"29ed87d8\" data-element_type=\"widget\" data-e-type=\"widget\" data-widget_type=\"spacer.default\">\n\t\t\t\t<div class=\"elementor-widget-container\">\n\t\t\t\t\t\t\t<div class=\"elementor-spacer\">\n\t\t\t<div class=\"elementor-spacer-inner\"><\/div>\n\t\t<\/div>\n\t\t\t\t\t\t<\/div>\n\t\t\t\t<\/div>\n\t\t\t\t\t<\/div>\n\t\t\t\t<\/div>\n\t\t<div class=\"elementor-element elementor-element-507fe47f e-flex e-con-boxed e-con e-parent\" data-id=\"507fe47f\" data-element_type=\"container\" data-e-type=\"container\">\n\t\t\t\t\t<div class=\"e-con-inner\">\n\t\t<div class=\"elementor-element elementor-element-46d38703 e-con-full e-flex e-con e-child\" data-id=\"46d38703\" data-element_type=\"container\" data-e-type=\"container\" data-settings=\"{&quot;background_background&quot;:&quot;classic&quot;}\">\n\t\t\t\t<div class=\"elementor-element elementor-element-5bbbb716 elementor-widget-divider--view-line elementor-invisible elementor-widget elementor-widget-divider\" data-id=\"5bbbb716\" data-element_type=\"widget\" data-e-type=\"widget\" data-settings=\"{&quot;_animation&quot;:&quot;fadeInLeft&quot;}\" data-widget_type=\"divider.default\">\n\t\t\t\t<div class=\"elementor-widget-container\">\n\t\t\t\t\t\t\t<div class=\"elementor-divider\">\n\t\t\t<span class=\"elementor-divider-separator\">\n\t\t\t\t\t\t<\/span>\n\t\t<\/div>\n\t\t\t\t\t\t<\/div>\n\t\t\t\t<\/div>\n\t\t\t\t<div class=\"elementor-element elementor-element-f684356 elementor-widget elementor-widget-heading\" data-id=\"f684356\" data-element_type=\"widget\" data-e-type=\"widget\" data-widget_type=\"heading.default\">\n\t\t\t\t<div class=\"elementor-widget-container\">\n\t\t\t\t\t<h2 class=\"elementor-heading-title elementor-size-default\">Live-Auftritte<\/h2>\t\t\t\t<\/div>\n\t\t\t\t<\/div>\n\t\t\t\t<\/div>\n\t\t\t\t\t<\/div>\n\t\t\t\t<\/div>\n\t\t<div class=\"elementor-element elementor-element-42744778 e-flex e-con-boxed e-con e-parent\" data-id=\"42744778\" data-element_type=\"container\" data-e-type=\"container\">\n\t\t\t\t\t<div class=\"e-con-inner\">\n\t\t\t\t<div class=\"elementor-element elementor-element-37d10373 elementor-invisible elementor-widget elementor-widget-text-editor\" data-id=\"37d10373\" data-element_type=\"widget\" data-e-type=\"widget\" data-settings=\"{&quot;_animation&quot;:&quot;fadeInUp&quot;}\" data-widget_type=\"text-editor.default\">\n\t\t\t\t<div class=\"elementor-widget-container\">\n\t\t\t\t\t\t\t\t\t<p data-start=\"132\" data-end=\"301\">Anna Tendera liefert Live-Momente, die unter die Haut gehen \u2013 mit einer Stimme, die man nicht vergisst, und einer B\u00fchnenpr\u00e4senz, die fesselt.<\/p><p data-start=\"303\" data-end=\"466\">Ob l\u00e4ssiger Jazzclub-Vibe, gro\u00dfe Eventb\u00fchne oder exklusives Privatkonzert \u2013 sie zieht ihr Publikum in den Bann. Mit Stil, Tiefe und einem Sound, der h\u00e4ngen bleibt.<\/p>\t\t\t\t\t\t\t\t<\/div>\n\t\t\t\t<\/div>\n\t\t\t\t\t<\/div>\n\t\t\t\t<\/div>\n\t\t\t\t<\/div>\n\t\t","protected":false},"excerpt":{"rendered":"<p>Live-Auftritte Anna Tendera liefert Live-Momente, die unter die Haut gehen \u2013 mit einer Stimme, die man nicht vergisst, und einer B\u00fchnenpr\u00e4senz, die fesselt. Ob l\u00e4ssiger Jazzclub-Vibe, gro\u00dfe Eventb\u00fchne oder exklusives Privatkonzert \u2013 sie zieht ihr Publikum in den Bann. Mit Stil, Tiefe und einem Sound, der h\u00e4ngen bleibt.<\/p>\n","protected":false},"author":2,"featured_media":0,"parent":0,"menu_order":0,"comment_status":"closed","ping_status":"closed","template":"","meta":{"iawp_total_views":77,"footnotes":""},"class_list":["post-4194","page","type-page","status-publish","hentry"],"yoast_head":"<!-- This site is optimized with the Yoast SEO plugin v26.8 - https:\/\/yoast.com\/product\/yoast-seo-wordpress\/ -->\n<title>Live - Anna Tendera<\/title>\n<meta name=\"robots\" content=\"index, follow, max-snippet:-1, max-image-preview:large, max-video-preview:-1\" \/>\n<link rel=\"canonical\" href=\"https:\/\/annatendera.com\/home\/live\/\" \/>\n<meta property=\"og:locale\" content=\"de_DE\" \/>\n<meta property=\"og:type\" content=\"article\" \/>\n<meta property=\"og:title\" content=\"Live - Anna Tendera\" \/>\n<meta property=\"og:description\" content=\"Live-Auftritte Anna Tendera liefert Live-Momente, die unter die Haut gehen \u2013 mit einer Stimme, die man nicht vergisst, und einer B\u00fchnenpr\u00e4senz, die fesselt. Ob l\u00e4ssiger Jazzclub-Vibe, gro\u00dfe Eventb\u00fchne oder exklusives Privatkonzert \u2013 sie zieht ihr Publikum in den Bann. Mit Stil, Tiefe und einem Sound, der h\u00e4ngen bleibt.\" \/>\n<meta property=\"og:url\" content=\"https:\/\/annatendera.com\/home\/live\/\" \/>\n<meta property=\"og:site_name\" content=\"Anna Tendera\" \/>\n<meta property=\"article:modified_time\" content=\"2026-01-06T18:21:15+00:00\" \/>\n<meta name=\"twitter:card\" content=\"summary_large_image\" \/>\n<meta name=\"twitter:label1\" content=\"Gesch\u00e4tzte Lesezeit\" \/>\n\t<meta name=\"twitter:data1\" content=\"1\u00a0Minute\" \/>\n<script type=\"application\/ld+json\" class=\"yoast-schema-graph\">{\"@context\":\"https:\/\/schema.org\",\"@graph\":[{\"@type\":\"WebPage\",\"@id\":\"https:\/\/annatendera.com\/home\/live\/\",\"url\":\"https:\/\/annatendera.com\/home\/live\/\",\"name\":\"Live - Anna Tendera\",\"isPartOf\":{\"@id\":\"https:\/\/annatendera.com\/home\/#website\"},\"datePublished\":\"2025-06-19T20:18:36+00:00\",\"dateModified\":\"2026-01-06T18:21:15+00:00\",\"breadcrumb\":{\"@id\":\"https:\/\/annatendera.com\/home\/live\/#breadcrumb\"},\"inLanguage\":\"de\",\"potentialAction\":[{\"@type\":\"ReadAction\",\"target\":[\"https:\/\/annatendera.com\/home\/live\/\"]}]},{\"@type\":\"BreadcrumbList\",\"@id\":\"https:\/\/annatendera.com\/home\/live\/#breadcrumb\",\"itemListElement\":[{\"@type\":\"ListItem\",\"position\":1,\"name\":\"Startseite\",\"item\":\"https:\/\/annatendera.com\/home\/\"},{\"@type\":\"ListItem\",\"position\":2,\"name\":\"Live\"}]},{\"@type\":\"WebSite\",\"@id\":\"https:\/\/annatendera.com\/home\/#website\",\"url\":\"https:\/\/annatendera.com\/home\/\",\"name\":\"Anna Tendera\",\"description\":\"music &amp; design\",\"potentialAction\":[{\"@type\":\"SearchAction\",\"target\":{\"@type\":\"EntryPoint\",\"urlTemplate\":\"https:\/\/annatendera.com\/home\/?s={search_term_string}\"},\"query-input\":{\"@type\":\"PropertyValueSpecification\",\"valueRequired\":true,\"valueName\":\"search_term_string\"}}],\"inLanguage\":\"de\"}]}<\/script>\n<!-- \/ Yoast SEO plugin. -->","yoast_head_json":{"title":"Live - Anna Tendera","robots":{"index":"index","follow":"follow","max-snippet":"max-snippet:-1","max-image-preview":"max-image-preview:large","max-video-preview":"max-video-preview:-1"},"canonical":"https:\/\/annatendera.com\/home\/live\/","og_locale":"de_DE","og_type":"article","og_title":"Live - Anna Tendera","og_description":"Live-Auftritte Anna Tendera liefert Live-Momente, die unter die Haut gehen \u2013 mit einer Stimme, die man nicht vergisst, und einer B\u00fchnenpr\u00e4senz, die fesselt. Ob l\u00e4ssiger Jazzclub-Vibe, gro\u00dfe Eventb\u00fchne oder exklusives Privatkonzert \u2013 sie zieht ihr Publikum in den Bann. Mit Stil, Tiefe und einem Sound, der h\u00e4ngen bleibt.","og_url":"https:\/\/annatendera.com\/home\/live\/","og_site_name":"Anna Tendera","article_modified_time":"2026-01-06T18:21:15+00:00","twitter_card":"summary_large_image","twitter_misc":{"Gesch\u00e4tzte Lesezeit":"1\u00a0Minute"},"schema":{"@context":"https:\/\/schema.org","@graph":[{"@type":"WebPage","@id":"https:\/\/annatendera.com\/home\/live\/","url":"https:\/\/annatendera.com\/home\/live\/","name":"Live - Anna Tendera","isPartOf":{"@id":"https:\/\/annatendera.com\/home\/#website"},"datePublished":"2025-06-19T20:18:36+00:00","dateModified":"2026-01-06T18:21:15+00:00","breadcrumb":{"@id":"https:\/\/annatendera.com\/home\/live\/#breadcrumb"},"inLanguage":"de","potentialAction":[{"@type":"ReadAction","target":["https:\/\/annatendera.com\/home\/live\/"]}]},{"@type":"BreadcrumbList","@id":"https:\/\/annatendera.com\/home\/live\/#breadcrumb","itemListElement":[{"@type":"ListItem","position":1,"name":"Startseite","item":"https:\/\/annatendera.com\/home\/"},{"@type":"ListItem","position":2,"name":"Live"}]},{"@type":"WebSite","@id":"https:\/\/annatendera.com\/home\/#website","url":"https:\/\/annatendera.com\/home\/","name":"Anna Tendera","description":"music &amp; design","potentialAction":[{"@type":"SearchAction","target":{"@type":"EntryPoint","urlTemplate":"https:\/\/annatendera.com\/home\/?s={search_term_string}"},"query-input":{"@type":"PropertyValueSpecification","valueRequired":true,"valueName":"search_term_string"}}],"inLanguage":"de"}]}},"_links":{"self":[{"href":"https:\/\/annatendera.com\/home\/wp-json\/wp\/v2\/pages\/4194","targetHints":{"allow":["GET"]}}],"collection":[{"href":"https:\/\/annatendera.com\/home\/wp-json\/wp\/v2\/pages"}],"about":[{"href":"https:\/\/annatendera.com\/home\/wp-json\/wp\/v2\/types\/page"}],"author":[{"embeddable":true,"href":"https:\/\/annatendera.com\/home\/wp-json\/wp\/v2\/users\/2"}],"replies":[{"embeddable":true,"href":"https:\/\/annatendera.com\/home\/wp-json\/wp\/v2\/comments?post=4194"}],"version-history":[{"count":19,"href":"https:\/\/annatendera.com\/home\/wp-json\/wp\/v2\/pages\/4194\/revisions"}],"predecessor-version":[{"id":4464,"href":"https:\/\/annatendera.com\/home\/wp-json\/wp\/v2\/pages\/4194\/revisions\/4464"}],"wp:attachment":[{"href":"https:\/\/annatendera.com\/home\/wp-json\/wp\/v2\/media?parent=4194"}],"curies":[{"name":"wp","href":"https:\/\/api.w.org\/{rel}","templated":true}]}}