{"id":4221,"date":"2025-06-19T20:18:58","date_gmt":"2025-06-19T20:18:58","guid":{"rendered":"https:\/\/annatendera.com\/home\/music-2\/"},"modified":"2025-06-20T07:06:09","modified_gmt":"2025-06-20T07:06:09","slug":"music-2","status":"publish","type":"page","link":"https:\/\/annatendera.com\/home\/","title":{"rendered":"Music"},"content":{"rendered":"\t\t<div data-elementor-type=\"wp-page\" data-elementor-id=\"4221\" class=\"elementor elementor-4221\" data-elementor-post-type=\"page\">\n\t\t\t\t<div class=\"elementor-element elementor-element-15fbeb28 e-flex e-con-boxed e-con e-parent\" data-id=\"15fbeb28\" data-element_type=\"container\" data-e-type=\"container\" data-settings=\"{&quot;background_background&quot;:&quot;classic&quot;}\">\n\t\t\t\t\t<div class=\"e-con-inner\">\n\t\t\t\t<div class=\"elementor-element elementor-element-2f52cf6d elementor-widget elementor-widget-spacer\" data-id=\"2f52cf6d\" data-element_type=\"widget\" data-e-type=\"widget\" data-widget_type=\"spacer.default\">\n\t\t\t\t<div class=\"elementor-widget-container\">\n\t\t\t\t\t\t\t<div class=\"elementor-spacer\">\n\t\t\t<div class=\"elementor-spacer-inner\"><\/div>\n\t\t<\/div>\n\t\t\t\t\t\t<\/div>\n\t\t\t\t<\/div>\n\t\t\t\t<div class=\"elementor-element elementor-element-59ea476a e-transform elementor-invisible elementor-widget elementor-widget-heading\" data-id=\"59ea476a\" data-element_type=\"widget\" data-e-type=\"widget\" data-settings=\"{&quot;_animation&quot;:&quot;slideInLeft&quot;,&quot;_transform_rotateZ_effect&quot;:{&quot;unit&quot;:&quot;px&quot;,&quot;size&quot;:&quot;&quot;,&quot;sizes&quot;:[]},&quot;_transform_rotateZ_effect_tablet&quot;:{&quot;unit&quot;:&quot;deg&quot;,&quot;size&quot;:&quot;&quot;,&quot;sizes&quot;:[]},&quot;_transform_rotateZ_effect_mobile&quot;:{&quot;unit&quot;:&quot;deg&quot;,&quot;size&quot;:&quot;&quot;,&quot;sizes&quot;:[]}}\" data-widget_type=\"heading.default\">\n\t\t\t\t<div class=\"elementor-widget-container\">\n\t\t\t\t\t<h2 class=\"elementor-heading-title elementor-size-default\">Anna Tendera<\/h2>\t\t\t\t<\/div>\n\t\t\t\t<\/div>\n\t\t\t\t<div class=\"elementor-element elementor-element-4ad50fa9 elementor-invisible elementor-widget elementor-widget-heading\" data-id=\"4ad50fa9\" data-element_type=\"widget\" data-e-type=\"widget\" data-settings=\"{&quot;_animation&quot;:&quot;slideInRight&quot;}\" data-widget_type=\"heading.default\">\n\t\t\t\t<div class=\"elementor-widget-container\">\n\t\t\t\t\t<h1 class=\"elementor-heading-title elementor-size-default\">Music is love.<BR>\nMusic is life.<\/h1>\t\t\t\t<\/div>\n\t\t\t\t<\/div>\n\t\t\t\t<div class=\"elementor-element elementor-element-28e5cc4 elementor-widget elementor-widget-heading\" data-id=\"28e5cc4\" data-element_type=\"widget\" data-e-type=\"widget\" data-widget_type=\"heading.default\">\n\t\t\t\t<div class=\"elementor-widget-container\">\n\t\t\t\t\t<h2 class=\"elementor-heading-title elementor-size-default\">Musik ist f\u00fcr mich mehr als Klang. <br>Sie ist Gef\u00fchl, Begegnung und Inspiration.<\/h2>\t\t\t\t<\/div>\n\t\t\t\t<\/div>\n\t\t\t\t<div class=\"elementor-element elementor-element-4258271 elementor-widget elementor-widget-spacer\" data-id=\"4258271\" data-element_type=\"widget\" data-e-type=\"widget\" data-widget_type=\"spacer.default\">\n\t\t\t\t<div class=\"elementor-widget-container\">\n\t\t\t\t\t\t\t<div class=\"elementor-spacer\">\n\t\t\t<div class=\"elementor-spacer-inner\"><\/div>\n\t\t<\/div>\n\t\t\t\t\t\t<\/div>\n\t\t\t\t<\/div>\n\t\t\t\t<div class=\"elementor-element elementor-element-5c75e895 elementor-align-center elementor-invisible elementor-widget elementor-widget-button\" data-id=\"5c75e895\" data-element_type=\"widget\" data-e-type=\"widget\" data-settings=\"{&quot;_animation&quot;:&quot;tada&quot;}\" data-widget_type=\"button.default\">\n\t\t\t\t<div class=\"elementor-widget-container\">\n\t\t\t\t\t\t\t\t\t<div class=\"elementor-button-wrapper\">\n\t\t\t\t\t<a class=\"elementor-button elementor-button-link elementor-size-lg elementor-animation-grow\" href=\"https:\/\/annatendera.com\/home\/live\/\">\n\t\t\t\t\t\t<span class=\"elementor-button-content-wrapper\">\n\t\t\t\t\t\t\t\t\t<span class=\"elementor-button-text\">LIVE<\/span>\n\t\t\t\t\t<\/span>\n\t\t\t\t\t<\/a>\n\t\t\t\t<\/div>\n\t\t\t\t\t\t\t\t<\/div>\n\t\t\t\t<\/div>\n\t\t\t\t\t<\/div>\n\t\t\t\t<\/div>\n\t\t<div class=\"elementor-element elementor-element-584261b7 e-flex e-con-boxed e-con e-parent\" data-id=\"584261b7\" data-element_type=\"container\" data-e-type=\"container\">\n\t\t\t\t\t<div class=\"e-con-inner\">\n\t\t\t\t<div class=\"elementor-element elementor-element-55e5efb5 elementor-widget elementor-widget-spacer\" data-id=\"55e5efb5\" data-element_type=\"widget\" data-e-type=\"widget\" data-widget_type=\"spacer.default\">\n\t\t\t\t<div class=\"elementor-widget-container\">\n\t\t\t\t\t\t\t<div class=\"elementor-spacer\">\n\t\t\t<div class=\"elementor-spacer-inner\"><\/div>\n\t\t<\/div>\n\t\t\t\t\t\t<\/div>\n\t\t\t\t<\/div>\n\t\t\t\t\t<\/div>\n\t\t\t\t<\/div>\n\t\t<div class=\"elementor-element elementor-element-40e7a7ad e-flex e-con-boxed e-con e-parent\" data-id=\"40e7a7ad\" data-element_type=\"container\" data-e-type=\"container\" data-settings=\"{&quot;background_background&quot;:&quot;classic&quot;}\">\n\t\t\t\t\t<div class=\"e-con-inner\">\n\t\t<div class=\"elementor-element elementor-element-5e46a334 e-con-full e-flex e-con e-child\" data-id=\"5e46a334\" data-element_type=\"container\" data-e-type=\"container\">\n\t\t\t\t<div class=\"elementor-element elementor-element-5bb5fdd3 elementor-invisible elementor-widget elementor-widget-text-editor\" data-id=\"5bb5fdd3\" data-element_type=\"widget\" data-e-type=\"widget\" data-settings=\"{&quot;_animation&quot;:&quot;fadeInUp&quot;}\" data-widget_type=\"text-editor.default\">\n\t\t\t\t<div class=\"elementor-widget-container\">\n\t\t\t\t\t\t\t\t\t<h5>Die charismatische und temperamentvolle S\u00e4ngerin fesselt ihren Zuh\u00f6rer mit ihrer warmen, samtigen Stimme und nimmt ihn mit auf eine einzigartige musikalische Reise<\/h5>\t\t\t\t\t\t\t\t<\/div>\n\t\t\t\t<\/div>\n\t\t\t\t<div class=\"elementor-element elementor-element-61da25a4 elementor-widget-divider--view-line elementor-invisible elementor-widget elementor-widget-divider\" data-id=\"61da25a4\" data-element_type=\"widget\" data-e-type=\"widget\" data-settings=\"{&quot;_animation&quot;:&quot;fadeInLeft&quot;}\" data-widget_type=\"divider.default\">\n\t\t\t\t<div class=\"elementor-widget-container\">\n\t\t\t\t\t\t\t<div class=\"elementor-divider\">\n\t\t\t<span class=\"elementor-divider-separator\">\n\t\t\t\t\t\t<\/span>\n\t\t<\/div>\n\t\t\t\t\t\t<\/div>\n\t\t\t\t<\/div>\n\t\t\t\t<div class=\"elementor-element elementor-element-554399f9 elementor-invisible elementor-widget elementor-widget-text-editor\" data-id=\"554399f9\" data-element_type=\"widget\" data-e-type=\"widget\" data-settings=\"{&quot;_animation&quot;:&quot;fadeInUp&quot;}\" data-widget_type=\"text-editor.default\">\n\t\t\t\t<div class=\"elementor-widget-container\">\n\t\t\t\t\t\t\t\t\t<p>Bereits im zarten Alter von vier Jahren stand sie das erste Mal auf der B\u00fchne und verzauberte das Publikum mit ihrer kindlichen Begeisterung f\u00fcr den Gesang. Mit der Zeit wurde die B\u00fchne zum festen Bestandteil ihres Lebens.<\/p><p>Drei Spielzeiten am polnischen Theater weckten in Anna Tendera die Leidenschaft f\u00fcr das Chanson. Dann folgte eine Einladung zum Deb\u00fct beim renommierten polnischen Festival in Opole. Doch anstatt diese Chance in ihrem Heimatland zu ergreifen, entschied sie sich f\u00fcr eine Jazz-Gesangsausbildung am Franz Schubert Konservatorium in Wien. Schon wenige Monate sp\u00e4ter trat sie mit ihrer Band auf und feierte europaweit Erfolge in der Eventbranche.<\/p>\t\t\t\t\t\t\t\t<\/div>\n\t\t\t\t<\/div>\n\t\t\t\t<div class=\"elementor-element elementor-element-1bde82e elementor-widget elementor-widget-spacer\" data-id=\"1bde82e\" data-element_type=\"widget\" data-e-type=\"widget\" data-widget_type=\"spacer.default\">\n\t\t\t\t<div class=\"elementor-widget-container\">\n\t\t\t\t\t\t\t<div class=\"elementor-spacer\">\n\t\t\t<div class=\"elementor-spacer-inner\"><\/div>\n\t\t<\/div>\n\t\t\t\t\t\t<\/div>\n\t\t\t\t<\/div>\n\t\t\t\t<\/div>\n\t\t<div class=\"elementor-element elementor-element-116367c3 e-con-full e-flex e-con e-child\" data-id=\"116367c3\" data-element_type=\"container\" data-e-type=\"container\">\n\t\t\t\t<div class=\"elementor-element elementor-element-68c86ad3 elementor-align-center elementor-invisible elementor-widget elementor-widget-button\" data-id=\"68c86ad3\" data-element_type=\"widget\" data-e-type=\"widget\" data-settings=\"{&quot;_animation&quot;:&quot;tada&quot;}\" data-widget_type=\"button.default\">\n\t\t\t\t<div class=\"elementor-widget-container\">\n\t\t\t\t\t\t\t\t\t<div class=\"elementor-button-wrapper\">\n\t\t\t\t\t<a class=\"elementor-button elementor-button-link elementor-size-lg elementor-animation-grow\" href=\"https:\/\/annatendera.com\/home\/music-examples\/\">\n\t\t\t\t\t\t<span class=\"elementor-button-content-wrapper\">\n\t\t\t\t\t\t\t\t\t<span class=\"elementor-button-text\">AUDIO<\/span>\n\t\t\t\t\t<\/span>\n\t\t\t\t\t<\/a>\n\t\t\t\t<\/div>\n\t\t\t\t\t\t\t\t<\/div>\n\t\t\t\t<\/div>\n\t\t\t\t<\/div>\n\t\t\t\t<div class=\"elementor-element elementor-element-5791ff97 elementor-widget elementor-widget-spacer\" data-id=\"5791ff97\" data-element_type=\"widget\" data-e-type=\"widget\" data-widget_type=\"spacer.default\">\n\t\t\t\t<div class=\"elementor-widget-container\">\n\t\t\t\t\t\t\t<div class=\"elementor-spacer\">\n\t\t\t<div class=\"elementor-spacer-inner\"><\/div>\n\t\t<\/div>\n\t\t\t\t\t\t<\/div>\n\t\t\t\t<\/div>\n\t\t\t\t\t<\/div>\n\t\t\t\t<\/div>\n\t\t<div class=\"elementor-element elementor-element-7d07b142 e-flex e-con-boxed e-con e-parent\" data-id=\"7d07b142\" data-element_type=\"container\" data-e-type=\"container\">\n\t\t\t\t\t<div class=\"e-con-inner\">\n\t\t<div class=\"elementor-element elementor-element-d2a91db e-con-full e-flex e-con e-child\" data-id=\"d2a91db\" data-element_type=\"container\" data-e-type=\"container\">\n\t\t\t\t<div class=\"elementor-element elementor-element-17253fec elementor-widget elementor-widget-image\" data-id=\"17253fec\" data-element_type=\"widget\" data-e-type=\"widget\" data-widget_type=\"image.default\">\n\t\t\t\t<div class=\"elementor-widget-container\">\n\t\t\t\t\t\t\t\t\t\t\t\t\t\t\t<img fetchpriority=\"high\" decoding=\"async\" width=\"520\" height=\"340\" src=\"https:\/\/annatendera.com\/wp-content\/uploads\/2025\/06\/jazztrio-rehearsal.jpg\" class=\"attachment-large size-large wp-image-4156\" alt=\"\" srcset=\"https:\/\/annatendera.com\/wp-content\/uploads\/2025\/06\/jazztrio-rehearsal.jpg 520w, https:\/\/annatendera.com\/wp-content\/uploads\/2025\/06\/jazztrio-rehearsal-300x196.jpg 300w\" sizes=\"(max-width: 520px) 100vw, 520px\" \/>\t\t\t\t\t\t\t\t\t\t\t\t\t\t\t<\/div>\n\t\t\t\t<\/div>\n\t\t\t\t<\/div>\n\t\t<div class=\"elementor-element elementor-element-24d083b5 e-con-full e-flex e-con e-child\" data-id=\"24d083b5\" data-element_type=\"container\" data-e-type=\"container\">\n\t\t\t\t<div class=\"elementor-element elementor-element-78c90e52 elementor-widget-divider--view-line elementor-invisible elementor-widget elementor-widget-divider\" data-id=\"78c90e52\" data-element_type=\"widget\" data-e-type=\"widget\" data-settings=\"{&quot;_animation&quot;:&quot;fadeInLeft&quot;}\" data-widget_type=\"divider.default\">\n\t\t\t\t<div class=\"elementor-widget-container\">\n\t\t\t\t\t\t\t<div class=\"elementor-divider\">\n\t\t\t<span class=\"elementor-divider-separator\">\n\t\t\t\t\t\t<\/span>\n\t\t<\/div>\n\t\t\t\t\t\t<\/div>\n\t\t\t\t<\/div>\n\t\t\t\t<div class=\"elementor-element elementor-element-3179aa8a elementor-invisible elementor-widget elementor-widget-text-editor\" data-id=\"3179aa8a\" data-element_type=\"widget\" data-e-type=\"widget\" data-settings=\"{&quot;_animation&quot;:&quot;fadeInUp&quot;}\" data-widget_type=\"text-editor.default\">\n\t\t\t\t<div class=\"elementor-widget-container\">\n\t\t\t\t\t\t\t\t\t<p><strong>I<\/strong>m November 2016 pr\u00e4sentierte Anna Tendera erstmals ihr Jazzklassik-Programm, begleitet von <a href=\"https:\/\/www.jazztrio.at\/\">Jazztrio.at<\/a> mit Thomas Barth am Piano, Johannes Strasser am Bass und Wolfgang Wehner am Schlagzeug. Ein besonderes Highlight war der Auftritt von dem gro\u00dfartigen Saxofonisten <a href=\"https:\/\/www.jimmysaxmanroberts.com\/\">Jimmy \u201eSaxman\u201c Roberts<\/a> als Special Guest. Seither geh\u00f6rt Annas Herz ganz dem Jazz. Trotz gelegentlicher Ausfl\u00fcge in andere Genres wie Soul und Funk bleibt sie ihm bis heute treu.<\/p>\t\t\t\t\t\t\t\t<\/div>\n\t\t\t\t<\/div>\n\t\t\t\t<\/div>\n\t\t\t\t\t<\/div>\n\t\t\t\t<\/div>\n\t\t\t\t<\/div>\n\t\t","protected":false},"excerpt":{"rendered":"<p>Anna Tendera Music is love. Music is life. Musik ist f\u00fcr mich mehr als Klang. Sie ist Gef\u00fchl, Begegnung und Inspiration. LIVE Die charismatische und temperamentvolle S\u00e4ngerin fesselt ihren Zuh\u00f6rer mit ihrer warmen, samtigen Stimme und nimmt ihn mit auf eine einzigartige musikalische Reise Bereits im zarten Alter von vier Jahren stand sie das erste [&hellip;]<\/p>\n","protected":false},"author":2,"featured_media":0,"parent":0,"menu_order":0,"comment_status":"closed","ping_status":"closed","template":"","meta":{"iawp_total_views":296,"footnotes":""},"class_list":["post-4221","page","type-page","status-publish","hentry"],"yoast_head":"<!-- This site is optimized with the Yoast SEO plugin v26.8 - https:\/\/yoast.com\/product\/yoast-seo-wordpress\/ -->\n<title>Music - Anna Tendera<\/title>\n<meta name=\"robots\" content=\"index, follow, max-snippet:-1, max-image-preview:large, max-video-preview:-1\" \/>\n<link rel=\"canonical\" href=\"https:\/\/annatendera.com\/home\/\" \/>\n<meta property=\"og:locale\" content=\"de_DE\" \/>\n<meta property=\"og:type\" content=\"article\" \/>\n<meta property=\"og:title\" content=\"Music - Anna Tendera\" \/>\n<meta property=\"og:description\" content=\"Anna Tendera Music is love. Music is life. Musik ist f\u00fcr mich mehr als Klang. Sie ist Gef\u00fchl, Begegnung und Inspiration. LIVE Die charismatische und temperamentvolle S\u00e4ngerin fesselt ihren Zuh\u00f6rer mit ihrer warmen, samtigen Stimme und nimmt ihn mit auf eine einzigartige musikalische Reise Bereits im zarten Alter von vier Jahren stand sie das erste [&hellip;]\" \/>\n<meta property=\"og:url\" content=\"https:\/\/annatendera.com\/home\/\" \/>\n<meta property=\"og:site_name\" content=\"Anna Tendera\" \/>\n<meta property=\"article:modified_time\" content=\"2025-06-20T07:06:09+00:00\" \/>\n<meta property=\"og:image\" content=\"https:\/\/annatendera.com\/wp-content\/uploads\/2025\/06\/jazztrio-rehearsal.jpg\" \/>\n\t<meta property=\"og:image:width\" content=\"520\" \/>\n\t<meta property=\"og:image:height\" content=\"340\" \/>\n\t<meta property=\"og:image:type\" content=\"image\/jpeg\" \/>\n<meta name=\"twitter:card\" content=\"summary_large_image\" \/>\n<meta name=\"twitter:label1\" content=\"Gesch\u00e4tzte Lesezeit\" \/>\n\t<meta name=\"twitter:data1\" content=\"2\u00a0Minuten\" \/>\n<script type=\"application\/ld+json\" class=\"yoast-schema-graph\">{\"@context\":\"https:\/\/schema.org\",\"@graph\":[{\"@type\":\"WebPage\",\"@id\":\"https:\/\/annatendera.com\/home\/\",\"url\":\"https:\/\/annatendera.com\/home\/\",\"name\":\"Music - Anna Tendera\",\"isPartOf\":{\"@id\":\"https:\/\/annatendera.com\/home\/#website\"},\"primaryImageOfPage\":{\"@id\":\"https:\/\/annatendera.com\/home\/#primaryimage\"},\"image\":{\"@id\":\"https:\/\/annatendera.com\/home\/#primaryimage\"},\"thumbnailUrl\":\"https:\/\/annatendera.com\/wp-content\/uploads\/2025\/06\/jazztrio-rehearsal.jpg\",\"datePublished\":\"2025-06-19T20:18:58+00:00\",\"dateModified\":\"2025-06-20T07:06:09+00:00\",\"breadcrumb\":{\"@id\":\"https:\/\/annatendera.com\/home\/#breadcrumb\"},\"inLanguage\":\"de\",\"potentialAction\":[{\"@type\":\"ReadAction\",\"target\":[\"https:\/\/annatendera.com\/home\/\"]}]},{\"@type\":\"ImageObject\",\"inLanguage\":\"de\",\"@id\":\"https:\/\/annatendera.com\/home\/#primaryimage\",\"url\":\"https:\/\/annatendera.com\/wp-content\/uploads\/2025\/06\/jazztrio-rehearsal.jpg\",\"contentUrl\":\"https:\/\/annatendera.com\/wp-content\/uploads\/2025\/06\/jazztrio-rehearsal.jpg\"},{\"@type\":\"BreadcrumbList\",\"@id\":\"https:\/\/annatendera.com\/home\/#breadcrumb\",\"itemListElement\":[{\"@type\":\"ListItem\",\"position\":1,\"name\":\"Startseite\",\"item\":\"https:\/\/annatendera.com\/home\/\"},{\"@type\":\"ListItem\",\"position\":2,\"name\":\"Music\"}]},{\"@type\":\"WebSite\",\"@id\":\"https:\/\/annatendera.com\/home\/#website\",\"url\":\"https:\/\/annatendera.com\/home\/\",\"name\":\"Anna Tendera\",\"description\":\"music &amp; design\",\"potentialAction\":[{\"@type\":\"SearchAction\",\"target\":{\"@type\":\"EntryPoint\",\"urlTemplate\":\"https:\/\/annatendera.com\/home\/?s={search_term_string}\"},\"query-input\":{\"@type\":\"PropertyValueSpecification\",\"valueRequired\":true,\"valueName\":\"search_term_string\"}}],\"inLanguage\":\"de\"}]}<\/script>\n<!-- \/ Yoast SEO plugin. -->","yoast_head_json":{"title":"Music - Anna Tendera","robots":{"index":"index","follow":"follow","max-snippet":"max-snippet:-1","max-image-preview":"max-image-preview:large","max-video-preview":"max-video-preview:-1"},"canonical":"https:\/\/annatendera.com\/home\/","og_locale":"de_DE","og_type":"article","og_title":"Music - Anna Tendera","og_description":"Anna Tendera Music is love. Music is life. Musik ist f\u00fcr mich mehr als Klang. Sie ist Gef\u00fchl, Begegnung und Inspiration. LIVE Die charismatische und temperamentvolle S\u00e4ngerin fesselt ihren Zuh\u00f6rer mit ihrer warmen, samtigen Stimme und nimmt ihn mit auf eine einzigartige musikalische Reise Bereits im zarten Alter von vier Jahren stand sie das erste [&hellip;]","og_url":"https:\/\/annatendera.com\/home\/","og_site_name":"Anna Tendera","article_modified_time":"2025-06-20T07:06:09+00:00","og_image":[{"width":520,"height":340,"url":"https:\/\/annatendera.com\/wp-content\/uploads\/2025\/06\/jazztrio-rehearsal.jpg","type":"image\/jpeg"}],"twitter_card":"summary_large_image","twitter_misc":{"Gesch\u00e4tzte Lesezeit":"2\u00a0Minuten"},"schema":{"@context":"https:\/\/schema.org","@graph":[{"@type":"WebPage","@id":"https:\/\/annatendera.com\/home\/","url":"https:\/\/annatendera.com\/home\/","name":"Music - Anna Tendera","isPartOf":{"@id":"https:\/\/annatendera.com\/home\/#website"},"primaryImageOfPage":{"@id":"https:\/\/annatendera.com\/home\/#primaryimage"},"image":{"@id":"https:\/\/annatendera.com\/home\/#primaryimage"},"thumbnailUrl":"https:\/\/annatendera.com\/wp-content\/uploads\/2025\/06\/jazztrio-rehearsal.jpg","datePublished":"2025-06-19T20:18:58+00:00","dateModified":"2025-06-20T07:06:09+00:00","breadcrumb":{"@id":"https:\/\/annatendera.com\/home\/#breadcrumb"},"inLanguage":"de","potentialAction":[{"@type":"ReadAction","target":["https:\/\/annatendera.com\/home\/"]}]},{"@type":"ImageObject","inLanguage":"de","@id":"https:\/\/annatendera.com\/home\/#primaryimage","url":"https:\/\/annatendera.com\/wp-content\/uploads\/2025\/06\/jazztrio-rehearsal.jpg","contentUrl":"https:\/\/annatendera.com\/wp-content\/uploads\/2025\/06\/jazztrio-rehearsal.jpg"},{"@type":"BreadcrumbList","@id":"https:\/\/annatendera.com\/home\/#breadcrumb","itemListElement":[{"@type":"ListItem","position":1,"name":"Startseite","item":"https:\/\/annatendera.com\/home\/"},{"@type":"ListItem","position":2,"name":"Music"}]},{"@type":"WebSite","@id":"https:\/\/annatendera.com\/home\/#website","url":"https:\/\/annatendera.com\/home\/","name":"Anna Tendera","description":"music &amp; design","potentialAction":[{"@type":"SearchAction","target":{"@type":"EntryPoint","urlTemplate":"https:\/\/annatendera.com\/home\/?s={search_term_string}"},"query-input":{"@type":"PropertyValueSpecification","valueRequired":true,"valueName":"search_term_string"}}],"inLanguage":"de"}]}},"_links":{"self":[{"href":"https:\/\/annatendera.com\/home\/wp-json\/wp\/v2\/pages\/4221","targetHints":{"allow":["GET"]}}],"collection":[{"href":"https:\/\/annatendera.com\/home\/wp-json\/wp\/v2\/pages"}],"about":[{"href":"https:\/\/annatendera.com\/home\/wp-json\/wp\/v2\/types\/page"}],"author":[{"embeddable":true,"href":"https:\/\/annatendera.com\/home\/wp-json\/wp\/v2\/users\/2"}],"replies":[{"embeddable":true,"href":"https:\/\/annatendera.com\/home\/wp-json\/wp\/v2\/comments?post=4221"}],"version-history":[{"count":59,"href":"https:\/\/annatendera.com\/home\/wp-json\/wp\/v2\/pages\/4221\/revisions"}],"predecessor-version":[{"id":4433,"href":"https:\/\/annatendera.com\/home\/wp-json\/wp\/v2\/pages\/4221\/revisions\/4433"}],"wp:attachment":[{"href":"https:\/\/annatendera.com\/home\/wp-json\/wp\/v2\/media?parent=4221"}],"curies":[{"name":"wp","href":"https:\/\/api.w.org\/{rel}","templated":true}]}}